{"id":744,"date":"2016-10-24T14:43:05","date_gmt":"2016-10-24T07:43:05","guid":{"rendered":"https:\/\/meikoautovn022.chiliweb.org\/en\/?page_id=744"},"modified":"2025-07-31T10:08:05","modified_gmt":"2025-07-31T03:08:05","slug":"product","status":"publish","type":"page","link":"https:\/\/www.meiko-auto.vn\/en\/product\/","title":{"rendered":"Product"},"content":{"rendered":"\n  \n    <div class=\"row large-columns-3 medium-columns-1 small-columns-1\" >\n  <div class=\"col post-item\" >\n\t\t\t<div class=\"col-inner\">\n\t\t\t\t<div class=\"box box-normal box-text-bottom box-blog-post has-hover\">\n          \t\t\t\t\t<div class=\"box-text text-center\" >\n\t\t\t\t\t<div class=\"box-text-inner blog-post-inner\">\n\n\t\t\t\t\t\n\t\t\t\t\t\t\t\t\t\t<h5 class=\"post-title is-large \">\n\t\t\t\t\t\t<a href=\"https:\/\/www.meiko-auto.vn\/en\/total-solution-for-smart-factory\/\" class=\"plain\">Total solution for Smart Factory<\/a>\n\t\t\t\t\t<\/h5>\n\t\t\t\t\t<div class=\"post-meta is-small op-8\">10.10.2025<\/div>\t\t\t\t\t<div class=\"is-divider\"><\/div>\n\t\t\t\t\t\t\t\t\t\t<p class=\"from_the_blog_excerpt \">\n\t\t\t\t\t\t\t\t\t\t\t<\/p>\n\t\t\t\t\t                    \n\t\t\t\t\t\n\t\t\t\t\t\n\t\t\t\t\t<\/div>\n\t\t\t\t\t<\/div>\n\t\t\t\t\t\t\t\t\t<\/div>\n\t\t\t<\/div>\n\t\t<\/div><div class=\"col post-item\" >\n\t\t\t<div class=\"col-inner\">\n\t\t\t\t<div class=\"box box-normal box-text-bottom box-blog-post has-hover\">\n            \t\t\t\t\t<div class=\"box-image\" >\n  \t\t\t\t\t\t<div class=\"image-cover\" style=\"padding-top:56.25%;\">\n\t\t\t\t\t\t\t<a href=\"https:\/\/www.meiko-auto.vn\/en\/automated-guided-vehicle-agv300\/\" class=\"plain\" aria-label=\"Automated Guided Vehicle &#8211; AGV300\">\n\t\t\t\t\t\t\t\t<img loading=\"lazy\" decoding=\"async\" width=\"400\" height=\"400\" src=\"https:\/\/www.meiko-auto.vn\/wp-content\/uploads\/2023\/03\/agv300-1.png\" class=\"attachment-medium size-medium wp-post-image\" alt=\"\" srcset=\"https:\/\/www.meiko-auto.vn\/wp-content\/uploads\/2023\/03\/agv300-1.png 1080w, https:\/\/www.meiko-auto.vn\/wp-content\/uploads\/2023\/03\/agv300-1-768x768.png 768w, https:\/\/www.meiko-auto.vn\/wp-content\/uploads\/2023\/03\/agv300-1-1000x1000.png 1000w, https:\/\/www.meiko-auto.vn\/wp-content\/uploads\/2023\/03\/agv300-1-480x480.png 480w, https:\/\/www.meiko-auto.vn\/wp-content\/uploads\/2023\/03\/agv300-1-666x666.png 666w, https:\/\/www.meiko-auto.vn\/wp-content\/uploads\/2023\/03\/agv300-1-150x150.png 150w\" sizes=\"auto, (max-width: 400px) 100vw, 400px\" \/>\t\t\t\t\t\t\t<\/a>\n  \t\t\t\t\t\t\t  \t\t\t\t\t\t\t  \t\t\t\t\t\t<\/div>\n  \t\t\t\t\t\t  \t\t\t\t\t<\/div>\n          \t\t\t\t\t<div class=\"box-text text-center\" >\n\t\t\t\t\t<div class=\"box-text-inner blog-post-inner\">\n\n\t\t\t\t\t\n\t\t\t\t\t\t\t\t\t\t<h5 class=\"post-title is-large \">\n\t\t\t\t\t\t<a href=\"https:\/\/www.meiko-auto.vn\/en\/automated-guided-vehicle-agv300\/\" class=\"plain\">Automated Guided Vehicle &#8211; AGV300<\/a>\n\t\t\t\t\t<\/h5>\n\t\t\t\t\t\t\t\t\t\t<div class=\"is-divider\"><\/div>\n\t\t\t\t\t\t\t\t\t\t<p class=\"from_the_blog_excerpt \">\n\t\t\t\t\t\tOutstanding features: Easy to set up and use Simply operating by robot&#8217;s screen and buttons...\t\t\t\t\t<\/p>\n\t\t\t\t\t                    \n\t\t\t\t\t\n\t\t\t\t\t\n\t\t\t\t\t<\/div>\n\t\t\t\t\t<\/div>\n\t\t\t\t\t\t\t\t\t\t\t\t\t\t\t\t<div class=\"badge absolute top post-date badge-outline\">\n\t\t\t\t\t\t\t<div class=\"badge-inner\">\n\t\t\t\t\t\t\t\t<span class=\"post-date-day\">30<\/span><br>\n\t\t\t\t\t\t\t\t<span class=\"post-date-month is-xsmall\">Jul<\/span>\n\t\t\t\t\t\t\t<\/div>\n\t\t\t\t\t\t<\/div>\n\t\t\t\t\t\t\t\t\t<\/div>\n\t\t\t<\/div>\n\t\t<\/div><div class=\"col post-item\" >\n\t\t\t<div class=\"col-inner\">\n\t\t\t\t<div class=\"box box-normal box-text-bottom box-blog-post has-hover\">\n            \t\t\t\t\t<div class=\"box-image\" >\n  \t\t\t\t\t\t<div class=\"image-cover\" style=\"padding-top:56.25%;\">\n\t\t\t\t\t\t\t<a href=\"https:\/\/www.meiko-auto.vn\/en\/automated-guided-vehicle-agv1000\/\" class=\"plain\" aria-label=\"Automated Guided Vehicle &#8211; AGV1000\">\n\t\t\t\t\t\t\t\t<img loading=\"lazy\" decoding=\"async\" width=\"400\" height=\"335\" src=\"https:\/\/www.meiko-auto.vn\/wp-content\/uploads\/2023\/03\/AGV1000.png\" class=\"attachment-medium size-medium wp-post-image\" alt=\"\" srcset=\"https:\/\/www.meiko-auto.vn\/wp-content\/uploads\/2023\/03\/AGV1000.png 940w, https:\/\/www.meiko-auto.vn\/wp-content\/uploads\/2023\/03\/AGV1000-768x644.png 768w, https:\/\/www.meiko-auto.vn\/wp-content\/uploads\/2023\/03\/AGV1000-666x558.png 666w\" sizes=\"auto, (max-width: 400px) 100vw, 400px\" \/>\t\t\t\t\t\t\t<\/a>\n  \t\t\t\t\t\t\t  \t\t\t\t\t\t\t  \t\t\t\t\t\t<\/div>\n  \t\t\t\t\t\t  \t\t\t\t\t<\/div>\n          \t\t\t\t\t<div class=\"box-text text-center\" >\n\t\t\t\t\t<div class=\"box-text-inner blog-post-inner\">\n\n\t\t\t\t\t\n\t\t\t\t\t\t\t\t\t\t<h5 class=\"post-title is-large \">\n\t\t\t\t\t\t<a href=\"https:\/\/www.meiko-auto.vn\/en\/automated-guided-vehicle-agv1000\/\" class=\"plain\">Automated Guided Vehicle &#8211; AGV1000<\/a>\n\t\t\t\t\t<\/h5>\n\t\t\t\t\t\t\t\t\t\t<div class=\"is-divider\"><\/div>\n\t\t\t\t\t\t\t\t\t\t<p class=\"from_the_blog_excerpt \">\n\t\t\t\t\t\tOutstanding features: Easy to set up and use Simply operating by robot&#8217;s screen, buttons or...\t\t\t\t\t<\/p>\n\t\t\t\t\t                    \n\t\t\t\t\t\n\t\t\t\t\t\n\t\t\t\t\t<\/div>\n\t\t\t\t\t<\/div>\n\t\t\t\t\t\t\t\t\t\t\t\t\t\t\t\t<div class=\"badge absolute top post-date badge-outline\">\n\t\t\t\t\t\t\t<div class=\"badge-inner\">\n\t\t\t\t\t\t\t\t<span class=\"post-date-day\">30<\/span><br>\n\t\t\t\t\t\t\t\t<span class=\"post-date-month is-xsmall\">Jul<\/span>\n\t\t\t\t\t\t\t<\/div>\n\t\t\t\t\t\t<\/div>\n\t\t\t\t\t\t\t\t\t<\/div>\n\t\t\t<\/div>\n\t\t<\/div><div class=\"col post-item\" >\n\t\t\t<div class=\"col-inner\">\n\t\t\t\t<div class=\"box box-normal box-text-bottom box-blog-post has-hover\">\n            \t\t\t\t\t<div class=\"box-image\" >\n  \t\t\t\t\t\t<div class=\"image-cover\" style=\"padding-top:56.25%;\">\n\t\t\t\t\t\t\t<a href=\"https:\/\/www.meiko-auto.vn\/en\/service-robot-srr-v1\/\" class=\"plain\" aria-label=\"Service Robot &#8211; SRR-V1\">\n\t\t\t\t\t\t\t\t<img loading=\"lazy\" decoding=\"async\" width=\"400\" height=\"335\" src=\"https:\/\/www.meiko-auto.vn\/wp-content\/uploads\/2023\/03\/AGV1000-2.png\" class=\"attachment-medium size-medium wp-post-image\" alt=\"\" srcset=\"https:\/\/www.meiko-auto.vn\/wp-content\/uploads\/2023\/03\/AGV1000-2.png 940w, https:\/\/www.meiko-auto.vn\/wp-content\/uploads\/2023\/03\/AGV1000-2-768x644.png 768w, https:\/\/www.meiko-auto.vn\/wp-content\/uploads\/2023\/03\/AGV1000-2-666x558.png 666w\" sizes=\"auto, (max-width: 400px) 100vw, 400px\" \/>\t\t\t\t\t\t\t<\/a>\n  \t\t\t\t\t\t\t  \t\t\t\t\t\t\t  \t\t\t\t\t\t<\/div>\n  \t\t\t\t\t\t  \t\t\t\t\t<\/div>\n          \t\t\t\t\t<div class=\"box-text text-center\" >\n\t\t\t\t\t<div class=\"box-text-inner blog-post-inner\">\n\n\t\t\t\t\t\n\t\t\t\t\t\t\t\t\t\t<h5 class=\"post-title is-large \">\n\t\t\t\t\t\t<a href=\"https:\/\/www.meiko-auto.vn\/en\/service-robot-srr-v1\/\" class=\"plain\">Service Robot &#8211; SRR-V1<\/a>\n\t\t\t\t\t<\/h5>\n\t\t\t\t\t\t\t\t\t\t<div class=\"is-divider\"><\/div>\n\t\t\t\t\t\t\t\t\t\t<p class=\"from_the_blog_excerpt \">\n\t\t\t\t\t\tWe can design and make all kinds of Service Robots as your requirements. Currently, we...\t\t\t\t\t<\/p>\n\t\t\t\t\t                    \n\t\t\t\t\t\n\t\t\t\t\t\n\t\t\t\t\t<\/div>\n\t\t\t\t\t<\/div>\n\t\t\t\t\t\t\t\t\t\t\t\t\t\t\t\t<div class=\"badge absolute top post-date badge-outline\">\n\t\t\t\t\t\t\t<div class=\"badge-inner\">\n\t\t\t\t\t\t\t\t<span class=\"post-date-day\">30<\/span><br>\n\t\t\t\t\t\t\t\t<span class=\"post-date-month is-xsmall\">Jul<\/span>\n\t\t\t\t\t\t\t<\/div>\n\t\t\t\t\t\t<\/div>\n\t\t\t\t\t\t\t\t\t<\/div>\n\t\t\t<\/div>\n\t\t<\/div><div class=\"col post-item\" >\n\t\t\t<div class=\"col-inner\">\n\t\t\t\t<div class=\"box box-normal box-text-bottom box-blog-post has-hover\">\n            \t\t\t\t\t<div class=\"box-image\" >\n  \t\t\t\t\t\t<div class=\"image-cover\" style=\"padding-top:56.25%;\">\n\t\t\t\t\t\t\t<a href=\"https:\/\/www.meiko-auto.vn\/en\/introduction-about-our-company\/\" class=\"plain\" aria-label=\"INTRODUCTION ABOUT OUR COMPANY\">\n\t\t\t\t\t\t\t\t<img loading=\"lazy\" decoding=\"async\" width=\"400\" height=\"341\" src=\"https:\/\/www.meiko-auto.vn\/wp-content\/uploads\/2023\/02\/logo-s\u1ea3nh-\u2013-\u0110\u00e3-s\u1eeda-1.png\" class=\"attachment-medium size-medium wp-post-image\" alt=\"\" srcset=\"https:\/\/www.meiko-auto.vn\/wp-content\/uploads\/2023\/02\/logo-s\u1ea3nh-\u2013-\u0110\u00e3-s\u1eeda-1.png 1220w, https:\/\/www.meiko-auto.vn\/wp-content\/uploads\/2023\/02\/logo-s\u1ea3nh-\u2013-\u0110\u00e3-s\u1eeda-1-768x654.png 768w, https:\/\/www.meiko-auto.vn\/wp-content\/uploads\/2023\/02\/logo-s\u1ea3nh-\u2013-\u0110\u00e3-s\u1eeda-1-666x567.png 666w\" sizes=\"auto, (max-width: 400px) 100vw, 400px\" \/>\t\t\t\t\t\t\t<\/a>\n  \t\t\t\t\t\t\t  \t\t\t\t\t\t\t  \t\t\t\t\t\t<\/div>\n  \t\t\t\t\t\t  \t\t\t\t\t<\/div>\n          \t\t\t\t\t<div class=\"box-text text-center\" >\n\t\t\t\t\t<div class=\"box-text-inner blog-post-inner\">\n\n\t\t\t\t\t\n\t\t\t\t\t\t\t\t\t\t<h5 class=\"post-title is-large \">\n\t\t\t\t\t\t<a href=\"https:\/\/www.meiko-auto.vn\/en\/introduction-about-our-company\/\" class=\"plain\">INTRODUCTION ABOUT OUR COMPANY<\/a>\n\t\t\t\t\t<\/h5>\n\t\t\t\t\t\t\t\t\t\t<div class=\"is-divider\"><\/div>\n\t\t\t\t\t\t\t\t\t\t<p class=\"from_the_blog_excerpt \">\n\t\t\t\t\t\tIn the general trend of global scientific and technological development, in recent years, not only...\t\t\t\t\t<\/p>\n\t\t\t\t\t                    \n\t\t\t\t\t\n\t\t\t\t\t\n\t\t\t\t\t<\/div>\n\t\t\t\t\t<\/div>\n\t\t\t\t\t\t\t\t\t\t\t\t\t\t\t\t<div class=\"badge absolute top post-date badge-outline\">\n\t\t\t\t\t\t\t<div class=\"badge-inner\">\n\t\t\t\t\t\t\t\t<span class=\"post-date-day\">30<\/span><br>\n\t\t\t\t\t\t\t\t<span class=\"post-date-month is-xsmall\">Jul<\/span>\n\t\t\t\t\t\t\t<\/div>\n\t\t\t\t\t\t<\/div>\n\t\t\t\t\t\t\t\t\t<\/div>\n\t\t\t<\/div>\n\t\t<\/div><div class=\"col post-item\" >\n\t\t\t<div class=\"col-inner\">\n\t\t\t\t<div class=\"box box-normal box-text-bottom box-blog-post has-hover\">\n            \t\t\t\t\t<div class=\"box-image\" >\n  \t\t\t\t\t\t<div class=\"image-cover\" style=\"padding-top:56.25%;\">\n\t\t\t\t\t\t\t<a href=\"https:\/\/www.meiko-auto.vn\/en\/may-double-cart-matehan\/\" class=\"plain\" aria-label=\"M\u00c1Y DOUBLE CART MATEHAN\">\n\t\t\t\t\t\t\t\t<img loading=\"lazy\" decoding=\"async\" width=\"400\" height=\"335\" src=\"https:\/\/www.meiko-auto.vn\/wp-content\/uploads\/2023\/02\/10.-Double-cart-th\u1ef1c-t\u1ebf.png\" class=\"attachment-medium size-medium wp-post-image\" alt=\"\" srcset=\"https:\/\/www.meiko-auto.vn\/wp-content\/uploads\/2023\/02\/10.-Double-cart-th\u1ef1c-t\u1ebf.png 940w, https:\/\/www.meiko-auto.vn\/wp-content\/uploads\/2023\/02\/10.-Double-cart-th\u1ef1c-t\u1ebf-768x644.png 768w, https:\/\/www.meiko-auto.vn\/wp-content\/uploads\/2023\/02\/10.-Double-cart-th\u1ef1c-t\u1ebf-666x558.png 666w\" sizes=\"auto, (max-width: 400px) 100vw, 400px\" \/>\t\t\t\t\t\t\t<\/a>\n  \t\t\t\t\t\t\t  \t\t\t\t\t\t\t  \t\t\t\t\t\t<\/div>\n  \t\t\t\t\t\t  \t\t\t\t\t<\/div>\n          \t\t\t\t\t<div class=\"box-text text-center\" >\n\t\t\t\t\t<div class=\"box-text-inner blog-post-inner\">\n\n\t\t\t\t\t\n\t\t\t\t\t\t\t\t\t\t<h5 class=\"post-title is-large \">\n\t\t\t\t\t\t<a href=\"https:\/\/www.meiko-auto.vn\/en\/may-double-cart-matehan\/\" class=\"plain\">M\u00c1Y DOUBLE CART MATEHAN<\/a>\n\t\t\t\t\t<\/h5>\n\t\t\t\t\t\t\t\t\t\t<div class=\"is-divider\"><\/div>\n\t\t\t\t\t\t\t\t\t\t<p class=\"from_the_blog_excerpt \">\n\t\t\t\t\t\tM\u00e1y Double Cart Matehan d\u00f9ng \u0111\u1ec3 c\u1ea5p bo m\u1ea1ch cho h\u1ea7u h\u1ebft c\u00e1c d\u00e2y chuy\u1ec1n...\t\t\t\t\t<\/p>\n\t\t\t\t\t                    \n\t\t\t\t\t\n\t\t\t\t\t\n\t\t\t\t\t<\/div>\n\t\t\t\t\t<\/div>\n\t\t\t\t\t\t\t\t\t\t\t\t\t\t\t\t<div class=\"badge absolute top post-date badge-outline\">\n\t\t\t\t\t\t\t<div class=\"badge-inner\">\n\t\t\t\t\t\t\t\t<span class=\"post-date-day\">30<\/span><br>\n\t\t\t\t\t\t\t\t<span class=\"post-date-month is-xsmall\">Jul<\/span>\n\t\t\t\t\t\t\t<\/div>\n\t\t\t\t\t\t<\/div>\n\t\t\t\t\t\t\t\t\t<\/div>\n\t\t\t<\/div>\n\t\t<\/div><div class=\"col post-item\" >\n\t\t\t<div class=\"col-inner\">\n\t\t\t\t<div class=\"box box-normal box-text-bottom box-blog-post has-hover\">\n            \t\t\t\t\t<div class=\"box-image\" >\n  \t\t\t\t\t\t<div class=\"image-cover\" style=\"padding-top:56.25%;\">\n\t\t\t\t\t\t\t<a href=\"https:\/\/www.meiko-auto.vn\/en\/cooling-machine\/\" class=\"plain\" aria-label=\"COOLING MACHINE\">\n\t\t\t\t\t\t\t\t<img loading=\"lazy\" decoding=\"async\" width=\"400\" height=\"300\" src=\"https:\/\/www.meiko-auto.vn\/wp-content\/uploads\/2023\/03\/6.-M\u00e1y-cooling-Fact.3-1F-Th\u1ef1c-t\u1ebf-1-\u2013-\u0110\u00e3-s\u1eeda-\u2013-\u0110\u00e3-s\u1eeda-min.png\" class=\"attachment-medium size-medium wp-post-image\" alt=\"\" srcset=\"https:\/\/www.meiko-auto.vn\/wp-content\/uploads\/2023\/03\/6.-M\u00e1y-cooling-Fact.3-1F-Th\u1ef1c-t\u1ebf-1-\u2013-\u0110\u00e3-s\u1eeda-\u2013-\u0110\u00e3-s\u1eeda-min.png 1280w, https:\/\/www.meiko-auto.vn\/wp-content\/uploads\/2023\/03\/6.-M\u00e1y-cooling-Fact.3-1F-Th\u1ef1c-t\u1ebf-1-\u2013-\u0110\u00e3-s\u1eeda-\u2013-\u0110\u00e3-s\u1eeda-min-768x576.png 768w, https:\/\/www.meiko-auto.vn\/wp-content\/uploads\/2023\/03\/6.-M\u00e1y-cooling-Fact.3-1F-Th\u1ef1c-t\u1ebf-1-\u2013-\u0110\u00e3-s\u1eeda-\u2013-\u0110\u00e3-s\u1eeda-min-666x500.png 666w\" sizes=\"auto, (max-width: 400px) 100vw, 400px\" \/>\t\t\t\t\t\t\t<\/a>\n  \t\t\t\t\t\t\t  \t\t\t\t\t\t\t  \t\t\t\t\t\t<\/div>\n  \t\t\t\t\t\t  \t\t\t\t\t<\/div>\n          \t\t\t\t\t<div class=\"box-text text-center\" >\n\t\t\t\t\t<div class=\"box-text-inner blog-post-inner\">\n\n\t\t\t\t\t\n\t\t\t\t\t\t\t\t\t\t<h5 class=\"post-title is-large \">\n\t\t\t\t\t\t<a href=\"https:\/\/www.meiko-auto.vn\/en\/cooling-machine\/\" class=\"plain\">COOLING MACHINE<\/a>\n\t\t\t\t\t<\/h5>\n\t\t\t\t\t\t\t\t\t\t<div class=\"is-divider\"><\/div>\n\t\t\t\t\t\t\t\t\t\t<p class=\"from_the_blog_excerpt \">\n\t\t\t\t\t\tMKAC&#8217;s cooling machine has a large cooling capacity and often used in big production lines...\t\t\t\t\t<\/p>\n\t\t\t\t\t                    \n\t\t\t\t\t\n\t\t\t\t\t\n\t\t\t\t\t<\/div>\n\t\t\t\t\t<\/div>\n\t\t\t\t\t\t\t\t\t\t\t\t\t\t\t\t<div class=\"badge absolute top post-date badge-outline\">\n\t\t\t\t\t\t\t<div class=\"badge-inner\">\n\t\t\t\t\t\t\t\t<span class=\"post-date-day\">30<\/span><br>\n\t\t\t\t\t\t\t\t<span class=\"post-date-month is-xsmall\">Jul<\/span>\n\t\t\t\t\t\t\t<\/div>\n\t\t\t\t\t\t<\/div>\n\t\t\t\t\t\t\t\t\t<\/div>\n\t\t\t<\/div>\n\t\t<\/div><div class=\"col post-item\" >\n\t\t\t<div class=\"col-inner\">\n\t\t\t\t<div class=\"box box-normal box-text-bottom box-blog-post has-hover\">\n            \t\t\t\t\t<div class=\"box-image\" >\n  \t\t\t\t\t\t<div class=\"image-cover\" style=\"padding-top:56.25%;\">\n\t\t\t\t\t\t\t<a href=\"https:\/\/www.meiko-auto.vn\/en\/hoat-dong-vi-cong-dong-chung-tay-day-lui-dich-covid\/\" class=\"plain\" aria-label=\"Community activities\">\n\t\t\t\t\t\t\t\t<img loading=\"lazy\" decoding=\"async\" width=\"400\" height=\"303\" src=\"https:\/\/www.meiko-auto.vn\/wp-content\/uploads\/2021\/06\/HoatDongCongDong.jpg\" class=\"attachment-medium size-medium wp-post-image\" alt=\"\" srcset=\"https:\/\/www.meiko-auto.vn\/wp-content\/uploads\/2021\/06\/HoatDongCongDong.jpg 1175w, https:\/\/www.meiko-auto.vn\/wp-content\/uploads\/2021\/06\/HoatDongCongDong-768x582.jpg 768w, https:\/\/www.meiko-auto.vn\/wp-content\/uploads\/2021\/06\/HoatDongCongDong-666x505.jpg 666w\" sizes=\"auto, (max-width: 400px) 100vw, 400px\" \/>\t\t\t\t\t\t\t<\/a>\n  \t\t\t\t\t\t\t  \t\t\t\t\t\t\t  \t\t\t\t\t\t<\/div>\n  \t\t\t\t\t\t  \t\t\t\t\t<\/div>\n          \t\t\t\t\t<div class=\"box-text text-center\" >\n\t\t\t\t\t<div class=\"box-text-inner blog-post-inner\">\n\n\t\t\t\t\t\n\t\t\t\t\t\t\t\t\t\t<h5 class=\"post-title is-large \">\n\t\t\t\t\t\t<a href=\"https:\/\/www.meiko-auto.vn\/en\/hoat-dong-vi-cong-dong-chung-tay-day-lui-dich-covid\/\" class=\"plain\">Community activities<\/a>\n\t\t\t\t\t<\/h5>\n\t\t\t\t\t\t\t\t\t\t<div class=\"is-divider\"><\/div>\n\t\t\t\t\t\t\t\t\t\t<p class=\"from_the_blog_excerpt \">\n\t\t\t\t\t\t06\/2021 Meiko Automation Company donated ventilators to\u00a0Bac Giang Lung Hospital. 05\/2021 Ho Chi Minh City...\t\t\t\t\t<\/p>\n\t\t\t\t\t                    \n\t\t\t\t\t\n\t\t\t\t\t\n\t\t\t\t\t<\/div>\n\t\t\t\t\t<\/div>\n\t\t\t\t\t\t\t\t\t\t\t\t\t\t\t\t<div class=\"badge absolute top post-date badge-outline\">\n\t\t\t\t\t\t\t<div class=\"badge-inner\">\n\t\t\t\t\t\t\t\t<span class=\"post-date-day\">02<\/span><br>\n\t\t\t\t\t\t\t\t<span class=\"post-date-month is-xsmall\">Jun<\/span>\n\t\t\t\t\t\t\t<\/div>\n\t\t\t\t\t\t<\/div>\n\t\t\t\t\t\t\t\t\t<\/div>\n\t\t\t<\/div>\n\t\t<\/div><\/div>\n","protected":false},"excerpt":{"rendered":"","protected":false},"author":1,"featured_media":0,"parent":0,"menu_order":0,"comment_status":"open","ping_status":"closed","template":"","meta":{"footnotes":""},"class_list":["post-744","page","type-page","status-publish","hentry"],"_links":{"self":[{"href":"https:\/\/www.meiko-auto.vn\/en\/wp-json\/wp\/v2\/pages\/744","targetHints":{"allow":["GET"]}}],"collection":[{"href":"https:\/\/www.meiko-auto.vn\/en\/wp-json\/wp\/v2\/pages"}],"about":[{"href":"https:\/\/www.meiko-auto.vn\/en\/wp-json\/wp\/v2\/types\/page"}],"author":[{"embeddable":true,"href":"https:\/\/www.meiko-auto.vn\/en\/wp-json\/wp\/v2\/users\/1"}],"replies":[{"embeddable":true,"href":"https:\/\/www.meiko-auto.vn\/en\/wp-json\/wp\/v2\/comments?post=744"}],"version-history":[{"count":2,"href":"https:\/\/www.meiko-auto.vn\/en\/wp-json\/wp\/v2\/pages\/744\/revisions"}],"predecessor-version":[{"id":3298,"href":"https:\/\/www.meiko-auto.vn\/en\/wp-json\/wp\/v2\/pages\/744\/revisions\/3298"}],"wp:attachment":[{"href":"https:\/\/www.meiko-auto.vn\/en\/wp-json\/wp\/v2\/media?parent=744"}],"curies":[{"name":"wp","href":"https:\/\/api.w.org\/{rel}","templated":true}]}}